{"id":443,"date":"2022-02-14T16:36:57","date_gmt":"2022-02-14T16:36:57","guid":{"rendered":"https:\/\/actit.fr\/?page_id=443"},"modified":"2022-09-30T14:02:19","modified_gmt":"2022-09-30T14:02:19","slug":"securite","status":"publish","type":"page","link":"https:\/\/actit.fr\/index.php\/securite\/","title":{"rendered":"S\u00e9curit\u00e9"},"content":{"rendered":"\t\t<div data-elementor-type=\"wp-page\" data-elementor-id=\"443\" class=\"elementor elementor-443\">\n\t\t\t\t\t\t<section class=\"elementor-section elementor-top-section elementor-element elementor-element-0648599 elementor-section-boxed elementor-section-height-default elementor-section-height-default\" data-id=\"0648599\" data-element_type=\"section\" data-e-type=\"section\" data-settings=\"{&quot;background_background&quot;:&quot;slideshow&quot;,&quot;background_slideshow_gallery&quot;:[{&quot;id&quot;:487,&quot;url&quot;:&quot;https:\\\/\\\/actit.fr\\\/wp-content\\\/uploads\\\/2022\\\/08\\\/Securite.jpg&quot;}],&quot;background_slideshow_loop&quot;:&quot;yes&quot;,&quot;background_slideshow_slide_duration&quot;:5000,&quot;background_slideshow_slide_transition&quot;:&quot;fade&quot;,&quot;background_slideshow_transition_duration&quot;:500}\">\n\t\t\t\t\t\t<div class=\"elementor-container elementor-column-gap-default\">\n\t\t\t\t\t<div class=\"elementor-column elementor-col-100 elementor-top-column elementor-element elementor-element-975abb0\" data-id=\"975abb0\" data-element_type=\"column\" data-e-type=\"column\">\n\t\t\t<div class=\"elementor-widget-wrap elementor-element-populated\">\n\t\t\t\t\t\t<div class=\"elementor-element elementor-element-677995a elementor-widget elementor-widget-heading\" data-id=\"677995a\" data-element_type=\"widget\" data-e-type=\"widget\" data-widget_type=\"heading.default\">\n\t\t\t\t<div class=\"elementor-widget-container\">\n\t\t\t\t\t<h2 class=\"elementor-heading-title elementor-size-default\">S\u00e9curit\u00e9 et supervision<\/h2>\t\t\t\t<\/div>\n\t\t\t\t<\/div>\n\t\t\t\t<div class=\"elementor-element elementor-element-267f723 elementor-widget elementor-widget-text-editor\" data-id=\"267f723\" data-element_type=\"widget\" data-e-type=\"widget\" data-widget_type=\"text-editor.default\">\n\t\t\t\t<div class=\"elementor-widget-container\">\n\t\t\t\t\t\t\t\t\t<p><strong><span style=\"color: #000000;\">De nos jours, les logiciels et les technologies en mati\u00e8re de s\u00fbret\u00e9 et de s\u00e9curit\u00e9 sont plus nombreux et plus complexes que jamais. Fabricants innombrables, protocoles divers et vari\u00e9s\u2026<\/span><\/strong><\/p>\n<p><strong><span style=\"color: #000000;\">La supervision vous permet de simplifier la gestion de votre s\u00fbret\u00e9 et de votre s\u00e9curit\u00e9 en regroupant l\u2019ensemble des donn\u00e9es en provenance de vos diff\u00e9rents syst\u00e8mes sur une seule et m\u00eame interface ergonomique.<\/span><\/strong><\/p>\n<p><strong><span style=\"color: #000000;\">En nous appuyant sur les solutions de nos partenaires et la qualit\u00e9 de nos \u00e9quipes, nous pouvons vous assurer un syst\u00e8me hautement s\u00e9curis\u00e9 et disponible.<\/span><\/strong><\/p><p><strong><span style=\"color: #000000;\"><br><\/span><\/strong><\/p><p><strong><span style=\"color: #000000;\"><br><\/span><\/strong><\/p>\n<p><strong><span style=\"color: #000000;\"><br><\/span><\/strong><\/p>\n<p><strong><span style=\"color: #000000;\"><br><\/span><\/strong><\/p>\n<p><strong><span style=\"color: #000000;\"><br><\/span><\/strong><\/p>\t\t\t\t\t\t\t\t<\/div>\n\t\t\t\t<\/div>\n\t\t\t\t\t<\/div>\n\t\t<\/div>\n\t\t\t\t\t<\/div>\n\t\t<\/section>\n\t\t\t\t<section class=\"elementor-section elementor-top-section elementor-element elementor-element-f001b2d elementor-section-boxed elementor-section-height-default elementor-section-height-default\" data-id=\"f001b2d\" data-element_type=\"section\" data-e-type=\"section\">\n\t\t\t\t\t\t<div class=\"elementor-container elementor-column-gap-default\">\n\t\t\t\t\t<div class=\"elementor-column elementor-col-100 elementor-top-column elementor-element elementor-element-90349ea\" data-id=\"90349ea\" data-element_type=\"column\" data-e-type=\"column\">\n\t\t\t<div class=\"elementor-widget-wrap elementor-element-populated\">\n\t\t\t\t\t\t<div class=\"elementor-element elementor-element-cbee53e elementor-widget elementor-widget-image-gallery\" data-id=\"cbee53e\" data-element_type=\"widget\" data-e-type=\"widget\" data-widget_type=\"image-gallery.default\">\n\t\t\t\t<div class=\"elementor-widget-container\">\n\t\t\t\t\t\t\t<div class=\"elementor-image-gallery\">\n\t\t\t<div id='gallery-1' class='gallery galleryid-443 gallery-columns-4 gallery-size-medium'><figure class='gallery-item'>\n\t\t\t<div class='gallery-icon landscape'>\n\t\t\t\t<a data-elementor-open-lightbox=\"yes\" data-elementor-lightbox-slideshow=\"cbee53e\" data-elementor-lightbox-title=\"AVG-CloudCare-RGB\" data-e-action-hash=\"#elementor-action%3Aaction%3Dlightbox%26settings%3DeyJpZCI6NDg2LCJ1cmwiOiJodHRwczpcL1wvYWN0aXQuZnJcL3dwLWNvbnRlbnRcL3VwbG9hZHNcLzIwMjJcLzA4XC9BVkctQ2xvdWRDYXJlLVJHQi5wbmciLCJzbGlkZXNob3ciOiJjYmVlNTNlIn0%3D\" href='https:\/\/actit.fr\/wp-content\/uploads\/2022\/08\/AVG-CloudCare-RGB.png'><img decoding=\"async\" width=\"300\" height=\"105\" src=\"https:\/\/actit.fr\/wp-content\/uploads\/2022\/08\/AVG-CloudCare-RGB-300x105.png\" class=\"attachment-medium size-medium\" alt=\"\" srcset=\"https:\/\/actit.fr\/wp-content\/uploads\/2022\/08\/AVG-CloudCare-RGB-300x105.png 300w, https:\/\/actit.fr\/wp-content\/uploads\/2022\/08\/AVG-CloudCare-RGB-1024x358.png 1024w, https:\/\/actit.fr\/wp-content\/uploads\/2022\/08\/AVG-CloudCare-RGB-768x268.png 768w, https:\/\/actit.fr\/wp-content\/uploads\/2022\/08\/AVG-CloudCare-RGB.png 1257w\" sizes=\"(max-width: 300px) 100vw, 300px\" \/><\/a>\n\t\t\t<\/div><\/figure><figure class='gallery-item'>\n\t\t\t<div class='gallery-icon landscape'>\n\t\t\t\t<a data-elementor-open-lightbox=\"yes\" data-elementor-lightbox-slideshow=\"cbee53e\" data-elementor-lightbox-title=\"meraki-logo-300x150\" data-e-action-hash=\"#elementor-action%3Aaction%3Dlightbox%26settings%3DeyJpZCI6NDg1LCJ1cmwiOiJodHRwczpcL1wvYWN0aXQuZnJcL3dwLWNvbnRlbnRcL3VwbG9hZHNcLzIwMjJcLzA4XC9tZXJha2ktbG9nby0zMDB4MTUwLTEucG5nIiwic2xpZGVzaG93IjoiY2JlZTUzZSJ9\" href='https:\/\/actit.fr\/wp-content\/uploads\/2022\/08\/meraki-logo-300x150-1.png'><img decoding=\"async\" width=\"300\" height=\"150\" src=\"https:\/\/actit.fr\/wp-content\/uploads\/2022\/08\/meraki-logo-300x150-1.png\" class=\"attachment-medium size-medium\" alt=\"\" \/><\/a>\n\t\t\t<\/div><\/figure><figure class='gallery-item'>\n\t\t\t<div class='gallery-icon landscape'>\n\t\t\t\t<a data-elementor-open-lightbox=\"yes\" data-elementor-lightbox-slideshow=\"cbee53e\" data-elementor-lightbox-title=\"microsoft silver\" data-e-action-hash=\"#elementor-action%3Aaction%3Dlightbox%26settings%3DeyJpZCI6NDEzLCJ1cmwiOiJodHRwczpcL1wvYWN0aXQuZnJcL3dwLWNvbnRlbnRcL3VwbG9hZHNcLzIwMjJcLzAyXC9taWNyb3NvZnQtc2lsdmVyLnBuZyIsInNsaWRlc2hvdyI6ImNiZWU1M2UifQ%3D%3D\" href='https:\/\/actit.fr\/wp-content\/uploads\/2022\/02\/microsoft-silver.png'><img decoding=\"async\" width=\"300\" height=\"91\" src=\"https:\/\/actit.fr\/wp-content\/uploads\/2022\/02\/microsoft-silver-300x91.png\" class=\"attachment-medium size-medium\" alt=\"\" srcset=\"https:\/\/actit.fr\/wp-content\/uploads\/2022\/02\/microsoft-silver-300x91.png 300w, https:\/\/actit.fr\/wp-content\/uploads\/2022\/02\/microsoft-silver.png 420w\" sizes=\"(max-width: 300px) 100vw, 300px\" \/><\/a>\n\t\t\t<\/div><\/figure>\n\t\t<\/div>\n\t\t<\/div>\n\t\t\t\t\t\t<\/div>\n\t\t\t\t<\/div>\n\t\t\t\t\t<\/div>\n\t\t<\/div>\n\t\t\t\t\t<\/div>\n\t\t<\/section>\n\t\t\t\t<\/div>\n\t\t","protected":false},"excerpt":{"rendered":"<p>S\u00e9curit\u00e9 et supervision De nos jours, les logiciels et les technologies en mati\u00e8re de s\u00fbret\u00e9 et de s\u00e9curit\u00e9 sont plus nombreux et plus complexes que jamais. Fabricants innombrables, protocoles divers et vari\u00e9s\u2026 La supervision vous permet de simplifier la gestion de votre s\u00fbret\u00e9 et de votre s\u00e9curit\u00e9 en regroupant l\u2019ensemble des donn\u00e9es en provenance de&hellip;&nbsp;<\/p>\n","protected":false},"author":1,"featured_media":0,"parent":0,"menu_order":0,"comment_status":"closed","ping_status":"closed","template":"page-templates\/template-pagebuilder-full-width.php","meta":{"neve_meta_sidebar":"","neve_meta_container":"","neve_meta_enable_content_width":"off","neve_meta_content_width":100,"neve_meta_title_alignment":"","neve_meta_author_avatar":"","neve_post_elements_order":"","neve_meta_disable_header":"","neve_meta_disable_footer":"","neve_meta_disable_title":"","footnotes":""},"class_list":["post-443","page","type-page","status-publish","hentry"],"_links":{"self":[{"href":"https:\/\/actit.fr\/index.php\/wp-json\/wp\/v2\/pages\/443","targetHints":{"allow":["GET"]}}],"collection":[{"href":"https:\/\/actit.fr\/index.php\/wp-json\/wp\/v2\/pages"}],"about":[{"href":"https:\/\/actit.fr\/index.php\/wp-json\/wp\/v2\/types\/page"}],"author":[{"embeddable":true,"href":"https:\/\/actit.fr\/index.php\/wp-json\/wp\/v2\/users\/1"}],"replies":[{"embeddable":true,"href":"https:\/\/actit.fr\/index.php\/wp-json\/wp\/v2\/comments?post=443"}],"version-history":[{"count":40,"href":"https:\/\/actit.fr\/index.php\/wp-json\/wp\/v2\/pages\/443\/revisions"}],"predecessor-version":[{"id":584,"href":"https:\/\/actit.fr\/index.php\/wp-json\/wp\/v2\/pages\/443\/revisions\/584"}],"wp:attachment":[{"href":"https:\/\/actit.fr\/index.php\/wp-json\/wp\/v2\/media?parent=443"}],"curies":[{"name":"wp","href":"https:\/\/api.w.org\/{rel}","templated":true}]}}