{"id":436,"date":"2022-02-14T16:34:49","date_gmt":"2022-02-14T16:34:49","guid":{"rendered":"https:\/\/actit.fr\/?page_id=436"},"modified":"2022-09-30T14:01:02","modified_gmt":"2022-09-30T14:01:02","slug":"hebergement","status":"publish","type":"page","link":"https:\/\/actit.fr\/index.php\/hebergement\/","title":{"rendered":"H\u00e9bergement"},"content":{"rendered":"\t\t<div data-elementor-type=\"wp-page\" data-elementor-id=\"436\" class=\"elementor elementor-436\">\n\t\t\t\t\t\t<section class=\"elementor-section elementor-top-section elementor-element elementor-element-4dae17c elementor-section-boxed elementor-section-height-default elementor-section-height-default\" data-id=\"4dae17c\" data-element_type=\"section\" data-e-type=\"section\" data-settings=\"{&quot;background_background&quot;:&quot;slideshow&quot;,&quot;background_slideshow_gallery&quot;:[{&quot;id&quot;:455,&quot;url&quot;:&quot;https:\\\/\\\/actit.fr\\\/wp-content\\\/uploads\\\/2022\\\/02\\\/nepal-gfb5c1520f_1920.jpg&quot;}],&quot;background_slideshow_loop&quot;:&quot;yes&quot;,&quot;background_slideshow_slide_duration&quot;:5000,&quot;background_slideshow_slide_transition&quot;:&quot;fade&quot;,&quot;background_slideshow_transition_duration&quot;:500}\">\n\t\t\t\t\t\t<div class=\"elementor-container elementor-column-gap-default\">\n\t\t\t\t\t<div class=\"elementor-column elementor-col-100 elementor-top-column elementor-element elementor-element-3074bb2\" data-id=\"3074bb2\" data-element_type=\"column\" data-e-type=\"column\">\n\t\t\t<div class=\"elementor-widget-wrap elementor-element-populated\">\n\t\t\t\t\t\t<div class=\"elementor-element elementor-element-ba7f065 elementor-widget elementor-widget-heading\" data-id=\"ba7f065\" data-element_type=\"widget\" data-e-type=\"widget\" data-widget_type=\"heading.default\">\n\t\t\t\t<div class=\"elementor-widget-container\">\n\t\t\t\t\t<h2 class=\"elementor-heading-title elementor-size-default\">H\u00e9bergement<\/h2>\t\t\t\t<\/div>\n\t\t\t\t<\/div>\n\t\t\t\t<div class=\"elementor-element elementor-element-be27638 elementor-widget elementor-widget-text-editor\" data-id=\"be27638\" data-element_type=\"widget\" data-e-type=\"widget\" data-widget_type=\"text-editor.default\">\n\t\t\t\t<div class=\"elementor-widget-container\">\n\t\t\t\t\t\t\t\t\t<p>L\u2019h\u00e9bergement personnalis\u00e9 de Actit System s\u2019op\u00e8re sur une plate-forme technologique de haut niveau, compos\u00e9 exclusivement de serveurs d\u2019applications de grandes marques \u00e9quip\u00e9s de disques \u00e0 tr\u00e8s hautes performances. Ces technologies garantissent \u00e0 votre site une fiabilit\u00e9 et une disponibilit\u00e9 maximum.<\/p>\n<p>Les serveurs Actit System sont h\u00e9berg\u00e9s au sein du Data Center Castle-IT dont l\u2019infrastructure b\u00e9n\u00e9ficie de la certification internationale ISO 9001. Le transit, en fibre optique int\u00e9grale, garanti par contrat de niveau de services (SLA, Service Level Agreement), repose sur une architecture avec connectique (c\u00e2bles et baies de brassage) enti\u00e8rement manufactur\u00e9e et certifi\u00e9e ISO 9001.<\/p>\n<p>Sur ses serveurs, Actit System h\u00e9berge exclusivement les sites d\u00e9velopp\u00e9s et maintenus par ses soins. Ceci offre aux clients la garantie d\u2019une parfaite ma\u00eetrise de la cha\u00eene et une connaissance profonde des composants et programmes ex\u00e9cutables install\u00e9s et ex\u00e9cut\u00e9s sur les serveurs.<\/p>\n<p>Actit System assure elle-m\u00eame la maintenance de niveau 2, le monitoring, la gestion des pare-feux (firewall) ainsi que toutes les proc\u00e9dures de back-up de ses serveurs. La maintenance de niveau 1 est assur\u00e9e par la soci\u00e9t\u00e9 qui fournit un service de maintenance 24H\/24 et 7J\/7.<\/p>\n<p>Pour plus d\u2019information, consultez notre site&nbsp;<a href=\"https:\/\/www.actithosting.com\/\" target=\"_blank\" rel=\"noopener\">https:\/\/www.actithosting.com<\/a><\/p><p><br><\/p><p><br><\/p>\n<p><br><\/p>\n<p><br><\/p>\n<p><br><\/p>\n<p><\/p>\t\t\t\t\t\t\t\t<\/div>\n\t\t\t\t<\/div>\n\t\t\t\t\t<\/div>\n\t\t<\/div>\n\t\t\t\t\t<\/div>\n\t\t<\/section>\n\t\t\t\t<\/div>\n\t\t","protected":false},"excerpt":{"rendered":"<p>H\u00e9bergement L\u2019h\u00e9bergement personnalis\u00e9 de Actit System s\u2019op\u00e8re sur une plate-forme technologique de haut niveau, compos\u00e9 exclusivement de serveurs d\u2019applications de grandes marques \u00e9quip\u00e9s de disques \u00e0 tr\u00e8s hautes performances. Ces technologies garantissent \u00e0 votre site une fiabilit\u00e9 et une disponibilit\u00e9 maximum. Les serveurs Actit System sont h\u00e9berg\u00e9s au sein du Data Center Castle-IT dont l\u2019infrastructure&hellip;&nbsp;<\/p>\n","protected":false},"author":1,"featured_media":0,"parent":0,"menu_order":0,"comment_status":"closed","ping_status":"closed","template":"page-templates\/template-pagebuilder-full-width.php","meta":{"neve_meta_sidebar":"","neve_meta_container":"","neve_meta_enable_content_width":"off","neve_meta_content_width":100,"neve_meta_title_alignment":"","neve_meta_author_avatar":"","neve_post_elements_order":"","neve_meta_disable_header":"","neve_meta_disable_footer":"","neve_meta_disable_title":"","footnotes":""},"class_list":["post-436","page","type-page","status-publish","hentry"],"_links":{"self":[{"href":"https:\/\/actit.fr\/index.php\/wp-json\/wp\/v2\/pages\/436","targetHints":{"allow":["GET"]}}],"collection":[{"href":"https:\/\/actit.fr\/index.php\/wp-json\/wp\/v2\/pages"}],"about":[{"href":"https:\/\/actit.fr\/index.php\/wp-json\/wp\/v2\/types\/page"}],"author":[{"embeddable":true,"href":"https:\/\/actit.fr\/index.php\/wp-json\/wp\/v2\/users\/1"}],"replies":[{"embeddable":true,"href":"https:\/\/actit.fr\/index.php\/wp-json\/wp\/v2\/comments?post=436"}],"version-history":[{"count":10,"href":"https:\/\/actit.fr\/index.php\/wp-json\/wp\/v2\/pages\/436\/revisions"}],"predecessor-version":[{"id":578,"href":"https:\/\/actit.fr\/index.php\/wp-json\/wp\/v2\/pages\/436\/revisions\/578"}],"wp:attachment":[{"href":"https:\/\/actit.fr\/index.php\/wp-json\/wp\/v2\/media?parent=436"}],"curies":[{"name":"wp","href":"https:\/\/api.w.org\/{rel}","templated":true}]}}