{"id":431,"date":"2022-02-14T16:32:11","date_gmt":"2022-02-14T16:32:11","guid":{"rendered":"https:\/\/actit.fr\/?page_id=431"},"modified":"2022-09-30T13:59:54","modified_gmt":"2022-09-30T13:59:54","slug":"audit","status":"publish","type":"page","link":"https:\/\/actit.fr\/index.php\/audit\/","title":{"rendered":"Audit"},"content":{"rendered":"\t\t<div data-elementor-type=\"wp-page\" data-elementor-id=\"431\" class=\"elementor elementor-431\">\n\t\t\t\t\t\t<section class=\"elementor-section elementor-top-section elementor-element elementor-element-18599188 elementor-section-boxed elementor-section-height-default elementor-section-height-default\" data-id=\"18599188\" data-element_type=\"section\" data-e-type=\"section\" data-settings=\"{&quot;background_background&quot;:&quot;classic&quot;}\">\n\t\t\t\t\t\t<div class=\"elementor-container elementor-column-gap-default\">\n\t\t\t\t\t<div class=\"elementor-column elementor-col-100 elementor-top-column elementor-element elementor-element-55788f44\" data-id=\"55788f44\" data-element_type=\"column\" data-e-type=\"column\">\n\t\t\t<div class=\"elementor-widget-wrap elementor-element-populated\">\n\t\t\t\t\t\t<div class=\"elementor-element elementor-element-22716cb9 elementor-widget elementor-widget-heading\" data-id=\"22716cb9\" data-element_type=\"widget\" data-e-type=\"widget\" data-widget_type=\"heading.default\">\n\t\t\t\t<div class=\"elementor-widget-container\">\n\t\t\t\t\t<h2 class=\"elementor-heading-title elementor-size-default\">Audit<\/h2>\t\t\t\t<\/div>\n\t\t\t\t<\/div>\n\t\t\t\t<div class=\"elementor-element elementor-element-4a9ed039 elementor-widget elementor-widget-text-editor\" data-id=\"4a9ed039\" data-element_type=\"widget\" data-e-type=\"widget\" data-widget_type=\"text-editor.default\">\n\t\t\t\t<div class=\"elementor-widget-container\">\n\t\t\t\t\t\t\t\t\t<p>Dans le monde digital dans lequel nous vivons aujourd\u2019hui, l\u2019utilisation des ordinateurs est devenue indispensable dans de nombreux m\u00e9tiers.&nbsp;<\/p>\n<p>Cela engendre de nombreux probl\u00e8mes, ce qui augmente encore davantage la cybercriminalit\u00e9.<\/p>\n<p>Avec l\u2019utilisation massive des syst\u00e8mes informatiques et les grandes quantit\u00e9s de donn\u00e9es stock\u00e9es sur ces syst\u00e8mes, il est important que les infrastructure informatiques et les donn\u00e9es qui y sont stock\u00e9s soient fiables et s\u00fbrs.<\/p>\n<p>Quels que soient la taille et le type de votre entreprise, un audit offre des informations cruciales sur les fonctionnalit\u00e9s du syst\u00e8me informatique. Ainsi que les risques de s\u00e9curit\u00e9 potentiels et les diff\u00e9rentes solutions envisageables.&nbsp;<\/p>\n<p>ACTIT System vous accompagne dans toutes les phases d&rsquo;\u00e9volutions de votre syst\u00e8me d&rsquo;information.<\/p>\n<p>Nous serons votre partenaire de confiance pour vous aidez \u00e0 construire un syst\u00e8me fiable et s\u00e9curis\u00e9.<\/p><p><br><\/p><p><br><\/p><p><br><\/p><p><br><\/p><p><br><\/p>\t\t\t\t\t\t\t\t<\/div>\n\t\t\t\t<\/div>\n\t\t\t\t\t<\/div>\n\t\t<\/div>\n\t\t\t\t\t<\/div>\n\t\t<\/section>\n\t\t\t\t<\/div>\n\t\t","protected":false},"excerpt":{"rendered":"<p>Audit Dans le monde digital dans lequel nous vivons aujourd\u2019hui, l\u2019utilisation des ordinateurs est devenue indispensable dans de nombreux m\u00e9tiers.&nbsp; Cela engendre de nombreux probl\u00e8mes, ce qui augmente encore davantage la cybercriminalit\u00e9. Avec l\u2019utilisation massive des syst\u00e8mes informatiques et les grandes quantit\u00e9s de donn\u00e9es stock\u00e9es sur ces syst\u00e8mes, il est important que les infrastructure informatiques&hellip;&nbsp;<\/p>\n","protected":false},"author":1,"featured_media":0,"parent":0,"menu_order":0,"comment_status":"closed","ping_status":"closed","template":"","meta":{"neve_meta_sidebar":"","neve_meta_container":"","neve_meta_enable_content_width":"off","neve_meta_content_width":100,"neve_meta_title_alignment":"","neve_meta_author_avatar":"","neve_post_elements_order":"","neve_meta_disable_header":"","neve_meta_disable_footer":"","neve_meta_disable_title":"on","footnotes":""},"class_list":["post-431","page","type-page","status-publish","hentry"],"_links":{"self":[{"href":"https:\/\/actit.fr\/index.php\/wp-json\/wp\/v2\/pages\/431","targetHints":{"allow":["GET"]}}],"collection":[{"href":"https:\/\/actit.fr\/index.php\/wp-json\/wp\/v2\/pages"}],"about":[{"href":"https:\/\/actit.fr\/index.php\/wp-json\/wp\/v2\/types\/page"}],"author":[{"embeddable":true,"href":"https:\/\/actit.fr\/index.php\/wp-json\/wp\/v2\/users\/1"}],"replies":[{"embeddable":true,"href":"https:\/\/actit.fr\/index.php\/wp-json\/wp\/v2\/comments?post=431"}],"version-history":[{"count":16,"href":"https:\/\/actit.fr\/index.php\/wp-json\/wp\/v2\/pages\/431\/revisions"}],"predecessor-version":[{"id":572,"href":"https:\/\/actit.fr\/index.php\/wp-json\/wp\/v2\/pages\/431\/revisions\/572"}],"wp:attachment":[{"href":"https:\/\/actit.fr\/index.php\/wp-json\/wp\/v2\/media?parent=431"}],"curies":[{"name":"wp","href":"https:\/\/api.w.org\/{rel}","templated":true}]}}