{"id":336,"date":"2021-10-14T11:53:26","date_gmt":"2021-10-14T11:53:26","guid":{"rendered":"https:\/\/actit.fr\/?page_id=336"},"modified":"2022-09-30T14:00:42","modified_gmt":"2022-09-30T14:00:42","slug":"maintenance","status":"publish","type":"page","link":"https:\/\/actit.fr\/index.php\/maintenance\/","title":{"rendered":"Maintenance"},"content":{"rendered":"\t\t<div data-elementor-type=\"wp-page\" data-elementor-id=\"336\" class=\"elementor elementor-336\">\n\t\t\t\t\t\t<section class=\"elementor-section elementor-top-section elementor-element elementor-element-846b8db elementor-section-boxed elementor-section-height-default elementor-section-height-default\" data-id=\"846b8db\" data-element_type=\"section\" data-e-type=\"section\" data-settings=\"{&quot;background_background&quot;:&quot;classic&quot;}\">\n\t\t\t\t\t\t<div class=\"elementor-container elementor-column-gap-default\">\n\t\t\t\t\t<div class=\"elementor-column elementor-col-100 elementor-top-column elementor-element elementor-element-1ff16e7\" data-id=\"1ff16e7\" data-element_type=\"column\" data-e-type=\"column\">\n\t\t\t<div class=\"elementor-widget-wrap elementor-element-populated\">\n\t\t\t\t\t\t<div class=\"elementor-element elementor-element-58d4347 elementor-widget elementor-widget-heading\" data-id=\"58d4347\" data-element_type=\"widget\" data-e-type=\"widget\" data-widget_type=\"heading.default\">\n\t\t\t\t<div class=\"elementor-widget-container\">\n\t\t\t\t\t<h2 class=\"elementor-heading-title elementor-size-default\">Maintenance<\/h2>\t\t\t\t<\/div>\n\t\t\t\t<\/div>\n\t\t\t\t<div class=\"elementor-element elementor-element-1f7a205 elementor-widget elementor-widget-text-editor\" data-id=\"1f7a205\" data-element_type=\"widget\" data-e-type=\"widget\" data-widget_type=\"text-editor.default\">\n\t\t\t\t<div class=\"elementor-widget-container\">\n\t\t\t\t\t\t\t\t\t<p>Suite \u00e0 un audit de votre parc informatique nous vous proposons des contrats de maintenance renouvelables ou sur demande d\u2019intervention ponctuelle, adapt\u00e9s \u00e0 vos besoins.<\/p>\n<p>Nous intervenons par t\u00e9l\u00e9phone, sur site ou en t\u00e9l\u00e9maintenance.<\/p>\n<p>Nos prestations :<\/p>\n<ul>\n<li>Maintenance pr\u00e9ventive et curative<\/li>\n<li>R\u00e9paration mat\u00e9riel et suivi de garantie<\/li>\n<li>Mise en place de solutions adapt\u00e9es aux entreprises<\/li>\n<li>Une gestion compl\u00e8te de votre parc et de son \u00e9volution<\/li>\n<li>&nbsp;<\/li>\n<\/ul>\n<p>Nos diff\u00e9rences :<\/p>\n<ul>\n<li>Un technicien d\u00e9di\u00e9 \u00e0 chaque client<\/li>\n<li>Une r\u00e9activit\u00e9 maximale et une souplesse totale<\/li>\n<li>Des interventions possibles 7j\/7 et 24h\/24 (contrat de maintenance)<\/li>\n<li>Une tarification adapt\u00e9e et \u00e0 la carte<\/li>\n<\/ul><div><br><\/div><div><br><\/div><div><br><\/div><div><br><\/div><div><br><\/div><div><br><\/div><div><br><\/div>\t\t\t\t\t\t\t\t<\/div>\n\t\t\t\t<\/div>\n\t\t\t\t\t<\/div>\n\t\t<\/div>\n\t\t\t\t\t<\/div>\n\t\t<\/section>\n\t\t\t\t<\/div>\n\t\t","protected":false},"excerpt":{"rendered":"<p>Maintenance Suite \u00e0 un audit de votre parc informatique nous vous proposons des contrats de maintenance renouvelables ou sur demande d\u2019intervention ponctuelle, adapt\u00e9s \u00e0 vos besoins. Nous intervenons par t\u00e9l\u00e9phone, sur site ou en t\u00e9l\u00e9maintenance. Nos prestations : Maintenance pr\u00e9ventive et curative R\u00e9paration mat\u00e9riel et suivi de garantie Mise en place de solutions adapt\u00e9es aux&hellip;&nbsp;<\/p>\n","protected":false},"author":1,"featured_media":337,"parent":0,"menu_order":0,"comment_status":"closed","ping_status":"closed","template":"page-templates\/template-pagebuilder-full-width.php","meta":{"neve_meta_sidebar":"","neve_meta_container":"","neve_meta_enable_content_width":"off","neve_meta_content_width":100,"neve_meta_title_alignment":"","neve_meta_author_avatar":"","neve_post_elements_order":"","neve_meta_disable_header":"","neve_meta_disable_footer":"","neve_meta_disable_title":"","footnotes":""},"class_list":["post-336","page","type-page","status-publish","has-post-thumbnail","hentry"],"_links":{"self":[{"href":"https:\/\/actit.fr\/index.php\/wp-json\/wp\/v2\/pages\/336","targetHints":{"allow":["GET"]}}],"collection":[{"href":"https:\/\/actit.fr\/index.php\/wp-json\/wp\/v2\/pages"}],"about":[{"href":"https:\/\/actit.fr\/index.php\/wp-json\/wp\/v2\/types\/page"}],"author":[{"embeddable":true,"href":"https:\/\/actit.fr\/index.php\/wp-json\/wp\/v2\/users\/1"}],"replies":[{"embeddable":true,"href":"https:\/\/actit.fr\/index.php\/wp-json\/wp\/v2\/comments?post=336"}],"version-history":[{"count":16,"href":"https:\/\/actit.fr\/index.php\/wp-json\/wp\/v2\/pages\/336\/revisions"}],"predecessor-version":[{"id":575,"href":"https:\/\/actit.fr\/index.php\/wp-json\/wp\/v2\/pages\/336\/revisions\/575"}],"wp:featuredmedia":[{"embeddable":true,"href":"https:\/\/actit.fr\/index.php\/wp-json\/wp\/v2\/media\/337"}],"wp:attachment":[{"href":"https:\/\/actit.fr\/index.php\/wp-json\/wp\/v2\/media?parent=336"}],"curies":[{"name":"wp","href":"https:\/\/api.w.org\/{rel}","templated":true}]}}